{"id":489,"date":"2017-06-28T07:50:43","date_gmt":"2017-06-28T05:50:43","guid":{"rendered":"http:\/\/ibizi.net\/?page_id=489"},"modified":"2021-07-12T13:48:37","modified_gmt":"2021-07-12T11:48:37","slug":"programa-gestion-hoteles-pms-la-nube","status":"publish","type":"page","link":"https:\/\/ibizi.net\/en\/programa-gestion-hoteles-pms-la-nube\/","title":{"rendered":"Programa de gesti\u00f3n para hoteles y reservas online"},"content":{"rendered":"<h2 class=\"wp-block-heading\">Programa de gesti\u00f3n de hoteles online<\/h2>\n\n\n\n<p>iBizi es un <strong>programa de gesti\u00f3n de hotel<\/strong> donde toda la <strong>informaci\u00f3n se aloja en internet<\/strong> y esta accesible desde cualquier <strong>sitio y dispositivo<\/strong>. <strong>Todas las reservas<\/strong> de los distintos <strong>canales<\/strong> de venta online, as\u00ed como las del <strong>motor de reservas<\/strong>, se <strong>integran autom\u00e1ticamente<\/strong> ahorrando errores y tiempo. Gestiona tus reservas, h\u00faespedes, habitaciones, servicios adicionales, parte de polic\u00eda, facturaci\u00f3n, motor de reservas y sincroniza con channel manager.<\/p>\n\n\n\n<p>Todo el programa de gesti\u00f3n de hoteles funciona online (tecnolog\u00eda cloud computing), porque todo son ventajas: <strong>pagas por lo que usas<\/strong>, est\u00e1n incluidas todas las <strong>actualizaciones<\/strong> y mejoras autom\u00e1ticamente, <strong>no tienes que hacer<\/strong> <strong>instalaciones<\/strong>, no tienes que mantener <strong>copias de seguridad<\/strong>, puedes acceder desde cualquier equipo (<strong>tablet, PC y m\u00f3vil<\/strong>), desde cualquier sitio y <strong>varias personas<\/strong> al mismo tiempo.<\/p>\n\n\n\n<div class=\"wp-block-image wp-image-293 size-large\"><figure class=\"aligncenter\"><img decoding=\"async\" width=\"1024\" height=\"751\" src=\"http:\/\/ibizi.net\/wp-content\/uploads\/2017\/03\/IBIZI-PMS-WEB-1024x751.png\" alt=\"Programa gesti\u00f3n hoteles PMS en la nube iBizi\" class=\"wp-image-293\" srcset=\"https:\/\/ibizi.net\/wp-content\/uploads\/2017\/03\/IBIZI-PMS-WEB-1024x751.png 1024w, https:\/\/ibizi.net\/wp-content\/uploads\/2017\/03\/IBIZI-PMS-WEB-416x305.png 416w, https:\/\/ibizi.net\/wp-content\/uploads\/2017\/03\/IBIZI-PMS-WEB-600x440.png 600w, https:\/\/ibizi.net\/wp-content\/uploads\/2017\/03\/IBIZI-PMS-WEB-300x220.png 300w, https:\/\/ibizi.net\/wp-content\/uploads\/2017\/03\/IBIZI-PMS-WEB-768x563.png 768w, https:\/\/ibizi.net\/wp-content\/uploads\/2017\/03\/IBIZI-PMS-WEB.png 1053w\" sizes=\"(max-width: 1024px) 100vw, 1024px\" \/><figcaption>Programa de gesti\u00f3n para hoteles PMS en la nube iBizi<\/figcaption><\/figure><\/div>\n\n\n\n<h2 class=\"wp-block-heading\">Programa de gesti\u00f3n para hoteles iBizi PMS modular<\/h2>\n\n\n\n<p>El programa para gestionar el hotel (PMS) incorpora unas funciones b\u00e1sicas y &nbsp;se le pueden a\u00f1adir &nbsp;<strong>m\u00f3dulos que pueden contratarse independientemente<\/strong>.<\/p>\n\n\n\n<h2 class=\"wp-block-heading\">M\u00f3dulo General del PMS. Detalle de las caracter\u00edsticas incorporadas<\/h2>\n\n\n\n<h3 class=\"wp-block-heading\">Dashboard. Informaci\u00f3n \u00fatil con un solo click<\/h3>\n\n\n\n<p>Listado de <strong>llegadas y salidas<\/strong>, listo para hacer el <strong>check-in y para facturar<\/strong>.<\/p>\n\n\n\n<p>Acceso r\u00e1pido a cualquier&nbsp;<strong>hu\u00e9sped&nbsp;y a su reserva<\/strong>.<\/p>\n\n\n\n<div class=\"wp-block-image\"><figure class=\"aligncenter\"><img decoding=\"async\" width=\"1000\" height=\"769\" src=\"http:\/\/ibizi.net\/wp-content\/uploads\/2017\/07\/Dashboard-de-hotel-con-rack-de-ocupaci\u00f3n.jpg\" alt=\"\" class=\"wp-image-635\" title=\"Dashboard hotel con rack de habitaciones disponibles huespedes y acceso reservas\" srcset=\"https:\/\/ibizi.net\/wp-content\/uploads\/2017\/07\/Dashboard-de-hotel-con-rack-de-ocupaci\u00f3n.jpg 1000w, https:\/\/ibizi.net\/wp-content\/uploads\/2017\/07\/Dashboard-de-hotel-con-rack-de-ocupaci\u00f3n-416x320.jpg 416w, https:\/\/ibizi.net\/wp-content\/uploads\/2017\/07\/Dashboard-de-hotel-con-rack-de-ocupaci\u00f3n-300x231.jpg 300w, https:\/\/ibizi.net\/wp-content\/uploads\/2017\/07\/Dashboard-de-hotel-con-rack-de-ocupaci\u00f3n-768x591.jpg 768w\" sizes=\"(max-width: 1000px) 100vw, 1000px\" \/><\/figure><\/div>\n\n\n\n<h3 class=\"wp-block-heading\">Calendario de ocupaci\u00f3n del hotel. Todo de un vistazo<\/h3>\n\n\n\n<p>Acceso r\u00e1pido a la <strong>reserva<\/strong> y a cambiar el <strong>estado de limpieza<\/strong> de la habitaci\u00f3n.<\/p>\n\n\n\n<div class=\"wp-block-image\"><figure class=\"aligncenter\"><img decoding=\"async\" width=\"1024\" height=\"683\" src=\"http:\/\/ibizi.net\/wp-content\/uploads\/2017\/04\/calendario-de-ocupacion-pms-iBizi-min-1024x683.jpg\" alt=\"programa gestion hoteles visualizaci\u00f3n calendario ocupacion de habitaciones iBizi PMS\" class=\"wp-image-396\" title=\"programa gestion hoteles visualizaci\u00f3n calendario ocupacion de habitaciones iBizi PMS\" srcset=\"https:\/\/ibizi.net\/wp-content\/uploads\/2017\/04\/calendario-de-ocupacion-pms-iBizi-min-1024x683.jpg 1024w, https:\/\/ibizi.net\/wp-content\/uploads\/2017\/04\/calendario-de-ocupacion-pms-iBizi-min-416x277.jpg 416w, https:\/\/ibizi.net\/wp-content\/uploads\/2017\/04\/calendario-de-ocupacion-pms-iBizi-min-600x400.jpg 600w, https:\/\/ibizi.net\/wp-content\/uploads\/2017\/04\/calendario-de-ocupacion-pms-iBizi-min-300x200.jpg 300w, https:\/\/ibizi.net\/wp-content\/uploads\/2017\/04\/calendario-de-ocupacion-pms-iBizi-min-768x512.jpg 768w, https:\/\/ibizi.net\/wp-content\/uploads\/2017\/04\/calendario-de-ocupacion-pms-iBizi-min.jpg 1800w\" sizes=\"(max-width: 1024px) 100vw, 1024px\" \/><\/figure><\/div>\n\n\n\n<h3 class=\"wp-block-heading\">Gesti\u00f3n de reserva r\u00e1pida en tu hotel, con dos datos<\/h3>\n\n\n\n<p>Incluimos una opci\u00f3n para anotar r\u00e1pidamente los datos principales y m\u00ednimos para una reserva en la que ahora no podemos emplear mucho tiempo. Existe la opci\u00f3n de reserva r\u00e1pida mediante la inserci\u00f3n del nombre y el tel\u00e9fono de la persona que ha reservado.<\/p>\n\n\n\n<p>Y si a\u00f1ades el email del cliente, recibir\u00e1 la <strong>confirmaci\u00f3n por correo en su idioma<\/strong>&nbsp;con todos los detalles.<\/p>\n\n\n\n<p><a href=\"http:\/\/ibizi.net\/en\/software-gestion-reservas-hoteles-facturacion-la-nube\/\">M\u00e1s sobre la gesti\u00f3n del sistema de reservas<\/a><\/p>\n\n\n\n<h3 class=\"wp-block-heading\">Gesti\u00f3n de clientes. Check-in \/ Check-out r\u00e1pido<\/h3>\n\n\n\n<p>Realiza el check-in con un click. Importa los datos de la reserva.<\/p>\n\n\n\n<p>Ah\u00f3rrate escribir los datos de los clientes habituales. Tres perfiles con los que trabajar: particulares, empresas y agencias.<\/p>\n\n\n\n<h3 class=\"wp-block-heading\">Personal\u00edzalo como a ti te gusta<\/h3>\n\n\n\n<p>Nombra las <strong>habitaciones como quieras<\/strong>. Todas estar\u00e1n vinculadas a los <strong>est\u00e1ndares oficiales<\/strong>. Define el <strong>n\u00famero o el nombre<\/strong> a cada una. Desde 101, 102, hasta Sol, Luna, Vistamar, \u00c1tico,&#8230;<\/p>\n\n\n\n<h3 class=\"wp-block-heading\">Programa de gesti\u00f3n para hoteles preparado para su pa\u00eds<\/h3>\n\n\n\n<p>\u00bfSu hotel se encuentra en M\u00e9xico, Chile, Per\u00fa, Argentina, Colombia, Costa Rica&#8230;?<\/p>\n\n\n\n<p>Configuraci\u00f3n de pa\u00eds mediante zona horaria y moneda personalizable, indica si el s\u00edmbolo va delante o detr\u00e1s y el <strong>n\u00famero de decimales<\/strong>.<\/p>\n\n\n\n<p>Podr\u00e1 activar solo los m\u00f3dulos que necesite para su pa\u00eds. Este programa de gesti\u00f3n de hoteles dispone de m\u00f3dulos espec\u00edficos para Espa\u00f1a que pueden activarse o desactivarse. Por ejemplo, si&nbsp;<strong>necesitas activa<\/strong><strong>&nbsp;el m\u00f3dulo de polic\u00eda y el m\u00f3dulo de estad\u00edsticas<\/strong> para el instituto nacional de estad\u00edstica en Espa\u00f1a y el sistema solicitar\u00e1 m\u00e1s datos obligatoriamente.<\/p>\n\n\n\n<h3 class=\"wp-block-heading\">Estado de las reservas<\/h3>\n\n\n\n<p>Cada alojamiento tiene sus propios criterios a la hora de definir el estado de sus reservas: \u00absin confirmar\u00bb, \u00abconfirmada\u00bb, \u00abpendiente de abono\u00bb, \u00abchek-in\u00bb, &#8230; Pon el <strong>color que quieras<\/strong> para identificar cada estado.<\/p>\n\n\n\n<h3 class=\"wp-block-heading\">Estado de la habitaci\u00f3n. Limpieza, aver\u00edas.<\/h3>\n\n\n\n<p><strong>Define los estados<\/strong> de la habitaci\u00f3n: limpieza, limpieza b\u00e1sica, profunda, aver\u00eda,&#8230; e identifica cada <strong>estado con el color que elijas<\/strong>.<\/p>\n\n\n\n<p>Cuando accedas al calendario de ocupaci\u00f3n ver\u00e1s como se encuentra cada habitaci\u00f3n. Imprime el <strong>parte de limpieza con un click<\/strong>.<\/p>\n\n\n\n<h3 class=\"wp-block-heading\">Programa el sistema de facturaci\u00f3n a tu medida<\/h3>\n\n\n\n<p>Define desde que n\u00famero empiezan las facturas, si tiene que llevar un <strong>prefijo<\/strong>, un <strong>sufijo<\/strong>, pon tu logotipo y el texto que desees para poner el <strong>pie de la factura<\/strong>.<\/p>\n\n\n\n<p>Crea <strong>varias facturas de una reserva<\/strong> para repartir los gastos entre varios clientes.<\/p>\n\n\n\n<p>Tambi\u00e9n puedes crear una <strong>factura libre sin tener que tener tooodos los datos del cliente<\/strong>. Pulsa la opci\u00f3n cabecera personalizada, y escribe lo que desees.<\/p>\n\n\n\n<h3 class=\"wp-block-heading\">Asistente de configuraci\u00f3n de precios y restricciones rapid\u00edsimo<\/h3>\n\n\n\n<p>Definici\u00f3n de tarifas para cada habitaci\u00f3n y personalizaci\u00f3n de precios por persona.<\/p>\n\n\n\n<p>Elige el tipo de habitaci\u00f3n y en segundos <strong>defines sus condiciones<\/strong> para el periodo temporal que definas, precio, estancia m\u00ednima, m\u00e1xima, y release (d\u00edas de antelaci\u00f3n m\u00ednimos para que se pueda reservar). Algunas de estas restricciones est\u00e1n orientadas al motor de reservas online.<\/p>\n\n\n<p>[cta id=&#8217;3358&#8242;]<\/p>\n\n\n\n<h2 class=\"wp-block-heading\">M\u00f3dulos complementarios<\/h2>\n\n\n\n<ul class=\"wp-block-list\"><li>M\u00f3dulo conexi\u00f3n hotel con channel manager<\/li><li>M\u00f3dulo motor de reservas para web. Evita el overbooking<\/li><li>M\u00f3dulo parte de entrada Polic\u00eda<\/li><li>M\u00f3dulo de consumos y servicios extra del hu\u00e9sped<\/li><li>M\u00f3dulo de encuesta de ocupaci\u00f3n hotelera para el INE<\/li><\/ul>\n\n\n\n<h2 class=\"wp-block-heading\">M\u00f3dulo de consumos y servicios extra<\/h2>\n\n\n\n<p>Organiza tus servicios, define su precio y tipo impositivo.<\/p>\n\n\n\n<p>Despu\u00e9s <strong>asigna los consumos a cada habitaci\u00f3n<\/strong>, indicando si se paga en el momento y a trav\u00e9s de que medio.<\/p>\n\n\n\n<h2 class=\"wp-block-heading\">M\u00f3dulo parte de entrada Polic\u00eda<\/h2>\n\n\n\n<p>Con el m\u00f3dulo de polic\u00eda, puedes imprimir el <strong>Parte de Entrada a partir de los datos introducidos del cliente<\/strong> para su firma.<\/p>\n\n\n\n<p>Al pulsar el bot\u00f3n de generar informe te descargas el archivo inform\u00e1tico que te permite la <strong>transmisi\u00f3n de ficheros v\u00eda Internet<\/strong> al Centro de Proceso de Datos de la Direcci\u00f3n General de la Polic\u00eda o de la Direcci\u00f3n General&nbsp;de la Guardia Civil, seg\u00fan el caso, que dar\u00e1n por recibida la informaci\u00f3n por el mismo sistema.<\/p>\n\n\n\n<h2 class=\"wp-block-heading\">M\u00f3dulo de encuesta de ocupaci\u00f3n hotelera para el INE<\/h2>\n\n\n\n<p>Todos los establecimientos hoteleros deben presentar el <strong>cuestionario de ocupaci\u00f3n hotelera<\/strong>. Con este m\u00f3dulo podr\u00e1s generar<strong> autom\u00e1ticamente el fichero XML<\/strong> para enviar la informaci\u00f3n v\u00eda telem\u00e1tica al Instituto Nacional de Estad\u00edstica.<\/p>\n\n\n\n<p>Selecciona las fechas y el informe se genera autom\u00e1ticamente. <strong>Ahorra todo el tiempo y trabajo<\/strong>.<\/p>\n\n\n\n<h2 class=\"wp-block-heading\">M\u00f3dulo motor de reservas para web. Evita el overbooking.<\/h2>\n\n\n\n<p>El m\u00f3dulo permite la configuraci\u00f3n de <a href=\"http:\/\/ibizi.net\/en\/video-creacion-distintas-tarifas-habitacion\/\"><strong>distintas tarifas en funci\u00f3n de distintos criterios por cada tipo de habitaci\u00f3n<\/strong><\/a>, indicando el n\u00famero de habitaciones que se deben <strong>poner a la venta online<\/strong>.<\/p>\n\n\n\n<p>Para <strong>integrar el sistema de reservas online en la p\u00e1gina web<\/strong> de tu alojamiento tienes que incluir un c\u00f3digo que se genera autom\u00e1ticamente seg\u00fan el modelo de <strong>consulta de disponibilidad que elijas<\/strong>.<\/p>\n\n\n\n<p>El sistema de reservas online esta dise\u00f1ado en formato responsive para que lo puedas <strong>integrar con tu p\u00e1gina creada con WordPress<\/strong>, Joomla, Drupal o a medida.<\/p>\n\n\n\n<p>Al activar este m\u00f3dulo todas las <a href=\"http:\/\/ibizi.net\/en\/video-integracion-de-la-reserva-web-con-software-de-gestion-del-hotel\/\">reservas que se reciben por tu web <strong>descuentan las plazas del sistema de gesti\u00f3n PMS<\/strong><\/a> y puedes <strong>importar autom\u00e1ticamente todos los datos de la persona<\/strong> que ha realizado la reserva al asignarle la habitaci\u00f3n.<\/p>\n\n\n\n<div class=\"wp-block-image\"><figure class=\"aligncenter\"><img decoding=\"async\" width=\"1024\" height=\"850\" src=\"http:\/\/ibizi.net\/wp-content\/uploads\/2017\/06\/Disponibilidad-de-habitaciones-para-el-motor-de-reservas-web-del-programa-de-gestion-para-hoteles-1024x850.jpeg\" alt=\"Disponibilidad de habitaciones para el motor de reservas web del programa de gestion para hoteles\" class=\"wp-image-528\" srcset=\"https:\/\/ibizi.net\/wp-content\/uploads\/2017\/06\/Disponibilidad-de-habitaciones-para-el-motor-de-reservas-web-del-programa-de-gestion-para-hoteles-1024x850.jpeg 1024w, https:\/\/ibizi.net\/wp-content\/uploads\/2017\/06\/Disponibilidad-de-habitaciones-para-el-motor-de-reservas-web-del-programa-de-gestion-para-hoteles-416x345.jpeg 416w, https:\/\/ibizi.net\/wp-content\/uploads\/2017\/06\/Disponibilidad-de-habitaciones-para-el-motor-de-reservas-web-del-programa-de-gestion-para-hoteles-300x249.jpeg 300w, https:\/\/ibizi.net\/wp-content\/uploads\/2017\/06\/Disponibilidad-de-habitaciones-para-el-motor-de-reservas-web-del-programa-de-gestion-para-hoteles-768x637.jpeg 768w, https:\/\/ibizi.net\/wp-content\/uploads\/2017\/06\/Disponibilidad-de-habitaciones-para-el-motor-de-reservas-web-del-programa-de-gestion-para-hoteles-600x498.jpeg 600w, https:\/\/ibizi.net\/wp-content\/uploads\/2017\/06\/Disponibilidad-de-habitaciones-para-el-motor-de-reservas-web-del-programa-de-gestion-para-hoteles.jpeg 1610w\" sizes=\"(max-width: 1024px) 100vw, 1024px\" \/><\/figure><\/div>\n\n\n\n<h2 class=\"wp-block-heading\">M\u00f3dulo conexi\u00f3n hotel con channel manager<\/h2>\n\n\n\n<p>Con este m\u00f3dulo puedes <strong>conectar el PMS y el MOTOR DE RESERVAS y con el resto de portales de venta online como booking<\/strong>, expedia, airbnb, hotels, hostelworld, hotelbeds, atrapalo, etc.<\/p>\n\n\n\n<p>Cada vez que se produzca una reserva en cualquier canal, se descontar\u00e1 del motor de reservas de la p\u00e1gina web y puedes <strong>importar autom\u00e1ticamente todos los datos de la persona<\/strong> que ha realizado la reserva al asignarle la habitaci\u00f3n.<\/p>","protected":false},"excerpt":{"rendered":"<p>Programa de gesti\u00f3n de hoteles online iBizi es un programa de gesti\u00f3n de hotel donde toda la informaci\u00f3n se aloja en internet y esta accesible desde cualquier sitio y dispositivo. Todas las reservas de los distintos canales de venta online, as\u00ed como las del motor de reservas, se integran autom\u00e1ticamente ahorrando errores y tiempo. Gestiona [&hellip;]<\/p>","protected":false},"author":5,"featured_media":1050,"parent":0,"menu_order":0,"comment_status":"closed","ping_status":"closed","template":"","meta":{"footnotes":""},"class_list":{"0":"post-489","1":"page","2":"type-page","3":"status-publish","4":"has-post-thumbnail","6":"entry"},"yoast_head":"<!-- This site is optimized with the Yoast SEO plugin v26.7 - https:\/\/yoast.com\/wordpress\/plugins\/seo\/ -->\n<title>Programa Gesti\u00f3n para Hoteles con Motor de Reservas, Channel manager<\/title>\n<meta name=\"description\" content=\"Programa de gesti\u00f3n para hoteles iBizi PMS. Programa hotelero con motor de reservas web integrado y conexi\u00f3n con channel manager para gestionar tu hotel\" \/>\n<meta name=\"robots\" content=\"index, follow, max-snippet:-1, max-image-preview:large, max-video-preview:-1\" \/>\n<link rel=\"canonical\" href=\"https:\/\/ibizi.net\/en\/programa-gestion-hoteles-pms-la-nube\/\" \/>\n<meta property=\"og:locale\" content=\"en_US\" \/>\n<meta property=\"og:type\" content=\"article\" \/>\n<meta property=\"og:title\" content=\"Programa Gesti\u00f3n para Hoteles con Motor de Reservas, Channel manager\" \/>\n<meta property=\"og:description\" content=\"Programa de gesti\u00f3n para hoteles iBizi PMS. Programa hotelero con motor de reservas web integrado y conexi\u00f3n con channel manager para gestionar tu hotel\" \/>\n<meta property=\"og:url\" content=\"https:\/\/ibizi.net\/en\/programa-gestion-hoteles-pms-la-nube\/\" \/>\n<meta property=\"og:site_name\" content=\"iBizi programa gesti\u00f3n hotelera\" \/>\n<meta property=\"article:publisher\" content=\"https:\/\/www.facebook.com\/The-Movie-Virtual-1365542403514358\/\" \/>\n<meta property=\"article:modified_time\" content=\"2021-07-12T11:48:37+00:00\" \/>\n<meta property=\"og:image\" content=\"https:\/\/ibizi.net\/wp-content\/uploads\/2017\/08\/Ibizi-Gestio\u0301n-Hotelera-144x144.png\" \/>\n\t<meta property=\"og:image:width\" content=\"144\" \/>\n\t<meta property=\"og:image:height\" content=\"144\" \/>\n\t<meta property=\"og:image:type\" content=\"image\/png\" \/>\n<meta name=\"twitter:card\" content=\"summary_large_image\" \/>\n<meta name=\"twitter:label1\" content=\"Est. reading time\" \/>\n\t<meta name=\"twitter:data1\" content=\"6 minutes\" \/>\n<script type=\"application\/ld+json\" class=\"yoast-schema-graph\">{\"@context\":\"https:\/\/schema.org\",\"@graph\":[{\"@type\":\"WebPage\",\"@id\":\"https:\/\/ibizi.net\/programa-gestion-hoteles-pms-la-nube\/\",\"url\":\"https:\/\/ibizi.net\/programa-gestion-hoteles-pms-la-nube\/\",\"name\":\"Programa Gesti\u00f3n para Hoteles con Motor de Reservas, Channel manager\",\"isPartOf\":{\"@id\":\"https:\/\/ibizi.net\/#website\"},\"primaryImageOfPage\":{\"@id\":\"https:\/\/ibizi.net\/programa-gestion-hoteles-pms-la-nube\/#primaryimage\"},\"image\":{\"@id\":\"https:\/\/ibizi.net\/programa-gestion-hoteles-pms-la-nube\/#primaryimage\"},\"thumbnailUrl\":\"https:\/\/ibizi.net\/wp-content\/uploads\/2017\/08\/Ibizi-Gestio\u0301n-Hotelera-144x144.png\",\"datePublished\":\"2017-06-28T05:50:43+00:00\",\"dateModified\":\"2021-07-12T11:48:37+00:00\",\"description\":\"Programa de gesti\u00f3n para hoteles iBizi PMS. Programa hotelero con motor de reservas web integrado y conexi\u00f3n con channel manager para gestionar tu hotel\",\"breadcrumb\":{\"@id\":\"https:\/\/ibizi.net\/programa-gestion-hoteles-pms-la-nube\/#breadcrumb\"},\"inLanguage\":\"en-US\",\"potentialAction\":[{\"@type\":\"ReadAction\",\"target\":[\"https:\/\/ibizi.net\/programa-gestion-hoteles-pms-la-nube\/\"]}]},{\"@type\":\"ImageObject\",\"inLanguage\":\"en-US\",\"@id\":\"https:\/\/ibizi.net\/programa-gestion-hoteles-pms-la-nube\/#primaryimage\",\"url\":\"https:\/\/ibizi.net\/wp-content\/uploads\/2017\/08\/Ibizi-Gestio\u0301n-Hotelera-144x144.png\",\"contentUrl\":\"https:\/\/ibizi.net\/wp-content\/uploads\/2017\/08\/Ibizi-Gestio\u0301n-Hotelera-144x144.png\",\"width\":144,\"height\":144},{\"@type\":\"BreadcrumbList\",\"@id\":\"https:\/\/ibizi.net\/programa-gestion-hoteles-pms-la-nube\/#breadcrumb\",\"itemListElement\":[{\"@type\":\"ListItem\",\"position\":1,\"name\":\"Programa hotel iBizi\",\"item\":\"https:\/\/ibizi.net\/\"},{\"@type\":\"ListItem\",\"position\":2,\"name\":\"Programa de gesti\u00f3n para hoteles y reservas online\"}]},{\"@type\":\"WebSite\",\"@id\":\"https:\/\/ibizi.net\/#website\",\"url\":\"https:\/\/ibizi.net\/\",\"name\":\"iBizi programa gesti\u00f3n hotelera\",\"description\":\"Software de gesti\u00f3n y reservas para hoteles y casas rurales\",\"publisher\":{\"@id\":\"https:\/\/ibizi.net\/#organization\"},\"potentialAction\":[{\"@type\":\"SearchAction\",\"target\":{\"@type\":\"EntryPoint\",\"urlTemplate\":\"https:\/\/ibizi.net\/?s={search_term_string}\"},\"query-input\":{\"@type\":\"PropertyValueSpecification\",\"valueRequired\":true,\"valueName\":\"search_term_string\"}}],\"inLanguage\":\"en-US\"},{\"@type\":\"Organization\",\"@id\":\"https:\/\/ibizi.net\/#organization\",\"name\":\"The Movie Virtual\",\"url\":\"https:\/\/ibizi.net\/\",\"logo\":{\"@type\":\"ImageObject\",\"inLanguage\":\"en-US\",\"@id\":\"https:\/\/ibizi.net\/#\/schema\/logo\/image\/\",\"url\":\"http:\/\/ibizi.net\/wp-content\/uploads\/2017\/08\/cropped-Ibizi-Gestio\u0301n-Hotelera-144x144.png\",\"contentUrl\":\"http:\/\/ibizi.net\/wp-content\/uploads\/2017\/08\/cropped-Ibizi-Gestio\u0301n-Hotelera-144x144.png\",\"width\":300,\"height\":187,\"caption\":\"The Movie Virtual\"},\"image\":{\"@id\":\"https:\/\/ibizi.net\/#\/schema\/logo\/image\/\"},\"sameAs\":[\"https:\/\/www.facebook.com\/The-Movie-Virtual-1365542403514358\/\"]}]}<\/script>\n<!-- \/ Yoast SEO plugin. -->","yoast_head_json":{"title":"Programa Gesti\u00f3n para Hoteles con Motor de Reservas, Channel manager","description":"Programa de gesti\u00f3n para hoteles iBizi PMS. Programa hotelero con motor de reservas web integrado y conexi\u00f3n con channel manager para gestionar tu hotel","robots":{"index":"index","follow":"follow","max-snippet":"max-snippet:-1","max-image-preview":"max-image-preview:large","max-video-preview":"max-video-preview:-1"},"canonical":"https:\/\/ibizi.net\/en\/programa-gestion-hoteles-pms-la-nube\/","og_locale":"en_US","og_type":"article","og_title":"Programa Gesti\u00f3n para Hoteles con Motor de Reservas, Channel manager","og_description":"Programa de gesti\u00f3n para hoteles iBizi PMS. Programa hotelero con motor de reservas web integrado y conexi\u00f3n con channel manager para gestionar tu hotel","og_url":"https:\/\/ibizi.net\/en\/programa-gestion-hoteles-pms-la-nube\/","og_site_name":"iBizi programa gesti\u00f3n hotelera","article_publisher":"https:\/\/www.facebook.com\/The-Movie-Virtual-1365542403514358\/","article_modified_time":"2021-07-12T11:48:37+00:00","og_image":[{"width":144,"height":144,"url":"https:\/\/ibizi.net\/wp-content\/uploads\/2017\/08\/Ibizi-Gestio\u0301n-Hotelera-144x144.png","type":"image\/png"}],"twitter_card":"summary_large_image","twitter_misc":{"Est. reading time":"6 minutes"},"schema":{"@context":"https:\/\/schema.org","@graph":[{"@type":"WebPage","@id":"https:\/\/ibizi.net\/programa-gestion-hoteles-pms-la-nube\/","url":"https:\/\/ibizi.net\/programa-gestion-hoteles-pms-la-nube\/","name":"Programa Gesti\u00f3n para Hoteles con Motor de Reservas, Channel manager","isPartOf":{"@id":"https:\/\/ibizi.net\/#website"},"primaryImageOfPage":{"@id":"https:\/\/ibizi.net\/programa-gestion-hoteles-pms-la-nube\/#primaryimage"},"image":{"@id":"https:\/\/ibizi.net\/programa-gestion-hoteles-pms-la-nube\/#primaryimage"},"thumbnailUrl":"https:\/\/ibizi.net\/wp-content\/uploads\/2017\/08\/Ibizi-Gestio\u0301n-Hotelera-144x144.png","datePublished":"2017-06-28T05:50:43+00:00","dateModified":"2021-07-12T11:48:37+00:00","description":"Programa de gesti\u00f3n para hoteles iBizi PMS. Programa hotelero con motor de reservas web integrado y conexi\u00f3n con channel manager para gestionar tu hotel","breadcrumb":{"@id":"https:\/\/ibizi.net\/programa-gestion-hoteles-pms-la-nube\/#breadcrumb"},"inLanguage":"en-US","potentialAction":[{"@type":"ReadAction","target":["https:\/\/ibizi.net\/programa-gestion-hoteles-pms-la-nube\/"]}]},{"@type":"ImageObject","inLanguage":"en-US","@id":"https:\/\/ibizi.net\/programa-gestion-hoteles-pms-la-nube\/#primaryimage","url":"https:\/\/ibizi.net\/wp-content\/uploads\/2017\/08\/Ibizi-Gestio\u0301n-Hotelera-144x144.png","contentUrl":"https:\/\/ibizi.net\/wp-content\/uploads\/2017\/08\/Ibizi-Gestio\u0301n-Hotelera-144x144.png","width":144,"height":144},{"@type":"BreadcrumbList","@id":"https:\/\/ibizi.net\/programa-gestion-hoteles-pms-la-nube\/#breadcrumb","itemListElement":[{"@type":"ListItem","position":1,"name":"Programa hotel iBizi","item":"https:\/\/ibizi.net\/"},{"@type":"ListItem","position":2,"name":"Programa de gesti\u00f3n para hoteles y reservas online"}]},{"@type":"WebSite","@id":"https:\/\/ibizi.net\/#website","url":"https:\/\/ibizi.net\/","name":"iBizi programa gesti\u00f3n hotelera","description":"Software de gesti\u00f3n y reservas para hoteles y casas rurales","publisher":{"@id":"https:\/\/ibizi.net\/#organization"},"potentialAction":[{"@type":"SearchAction","target":{"@type":"EntryPoint","urlTemplate":"https:\/\/ibizi.net\/?s={search_term_string}"},"query-input":{"@type":"PropertyValueSpecification","valueRequired":true,"valueName":"search_term_string"}}],"inLanguage":"en-US"},{"@type":"Organization","@id":"https:\/\/ibizi.net\/#organization","name":"The Movie Virtual","url":"https:\/\/ibizi.net\/","logo":{"@type":"ImageObject","inLanguage":"en-US","@id":"https:\/\/ibizi.net\/#\/schema\/logo\/image\/","url":"http:\/\/ibizi.net\/wp-content\/uploads\/2017\/08\/cropped-Ibizi-Gestio\u0301n-Hotelera-144x144.png","contentUrl":"http:\/\/ibizi.net\/wp-content\/uploads\/2017\/08\/cropped-Ibizi-Gestio\u0301n-Hotelera-144x144.png","width":300,"height":187,"caption":"The Movie Virtual"},"image":{"@id":"https:\/\/ibizi.net\/#\/schema\/logo\/image\/"},"sameAs":["https:\/\/www.facebook.com\/The-Movie-Virtual-1365542403514358\/"]}]}},"_links":{"self":[{"href":"https:\/\/ibizi.net\/en\/wp-json\/wp\/v2\/pages\/489","targetHints":{"allow":["GET"]}}],"collection":[{"href":"https:\/\/ibizi.net\/en\/wp-json\/wp\/v2\/pages"}],"about":[{"href":"https:\/\/ibizi.net\/en\/wp-json\/wp\/v2\/types\/page"}],"author":[{"embeddable":true,"href":"https:\/\/ibizi.net\/en\/wp-json\/wp\/v2\/users\/5"}],"replies":[{"embeddable":true,"href":"https:\/\/ibizi.net\/en\/wp-json\/wp\/v2\/comments?post=489"}],"version-history":[{"count":0,"href":"https:\/\/ibizi.net\/en\/wp-json\/wp\/v2\/pages\/489\/revisions"}],"wp:featuredmedia":[{"embeddable":true,"href":"https:\/\/ibizi.net\/en\/wp-json\/wp\/v2\/media\/1050"}],"wp:attachment":[{"href":"https:\/\/ibizi.net\/en\/wp-json\/wp\/v2\/media?parent=489"}],"curies":[{"name":"wp","href":"https:\/\/api.w.org\/{rel}","templated":true}]}}