{"id":159,"date":"2025-09-14T22:36:00","date_gmt":"2025-09-14T20:36:00","guid":{"rendered":"http:\/\/sistemagestionhotel.themoviewebs.com\/?page_id=159&#038;lang=es"},"modified":"2025-09-22T20:54:01","modified_gmt":"2025-09-22T18:54:01","slug":"software-de-gestion-para-hoteles-online-con-sistema-de-reservas-integrado","status":"publish","type":"page","link":"https:\/\/ibizi.net\/en\/","title":{"rendered":"Software de gesti\u00f3n para hoteles online con sistema de reservas integrado"},"content":{"rendered":"<h1>Software de gesti\u00f3n para hoteles con sistema de reservas integrado<\/h1>\n<p><strong>Software de gesti\u00f3n en la nube<\/strong> para hoteles que <strong>sincroniza los datos<\/strong> con los sistemas de reservas como el <strong>motor de reservas en la web y el channel<\/strong> <strong>manager<\/strong>.<\/p>\n<p><strong>Puede contratar solo el PMS<\/strong>, o a\u00f1adir tambi\u00e9n el motor de reservas web y otros m\u00f3dulos que aportan <strong>funcionalidades de valor a\u00f1adido<\/strong> para el hotel al automatizar procesos, como la conexi\u00f3n con el channel manager, el sistema de encuestas de satisfacci\u00f3n, la automatizaci\u00f3n del parte de viajeros para la polic\u00eda, la generaci\u00f3n de datos para el env\u00edo de estad\u00edsticas al instituto nacional de estad\u00edstica&#8230;<\/p>\n<p><img decoding=\"async\" class=\"aligncenter wp-image-229 size-medium\" title=\"iBizi Software Gesti\u00f3n Hotelera\" src=\"http:\/\/ibizi.net\/wp-content\/uploads\/2016\/12\/cropped-logo-ibizi-gestion-hotel-300x300.png\" alt=\"\" width=\"300\" height=\"300\" srcset=\"https:\/\/ibizi.net\/wp-content\/uploads\/2016\/12\/cropped-logo-ibizi-gestion-hotel-300x300.png 300w, https:\/\/ibizi.net\/wp-content\/uploads\/2016\/12\/cropped-logo-ibizi-gestion-hotel-150x150.png 150w, https:\/\/ibizi.net\/wp-content\/uploads\/2016\/12\/cropped-logo-ibizi-gestion-hotel.png 512w\" sizes=\"(max-width: 300px) 100vw, 300px\" \/><\/p>\n<p><strong>No necesita instalarse en un ordenador<\/strong>, funciona a trav\u00e9s de cualquier tablet o PC conectado a Internet, incluso desde un tel\u00e9fono.<\/p>\n<p>Puede gestionar su alojamiento desde <strong>varios equipos al mismo tiempo<\/strong>.<\/p>\n<p>Se conecta con el motor de reservas de la p\u00e1gina web y con el channel manager, que ofrecemos como m\u00f3dulos adicionales.<\/p>\n<p>Una soluci\u00f3n completa para gestionar las habitaciones y clientes de su alojamiento, de una forma intuitiva y con funciones que mejoran su gesti\u00f3n y ahorran tiempo y dinero.<\/p>\n<p>Al estar alojado en la nube, es funcional y accesible desde <strong>cualquier sitio y dispositivo<\/strong>.<\/p>\n<h2>Ventajas del motor de reservas<\/h2>\n<p>El motor de reservas en su web le proporciona ingresos directos sin comisiones.<\/p>\n<h2>El Channel Manager<\/h2>\n<p>El channel manager supone \u00a0no tener que estar pendiente de actualizar las habitaciones disponibles en las centrales de reservas. Todo esta sincronizado autom\u00e1ticamente con el motor de reservas y El software PMS. sincronizaci\u00f3n tranquilidad con los overbooking, al estar sincronizadas las unidades disponibles.<\/p>\n<h2>Software de gesti\u00f3n para hoteles<\/h2>\n<p>El sistema de gesti\u00f3n de hoteles (PMS) le proporciona coordinar el d\u00eda a d\u00eda: asignar cada reserva en la habitaci\u00f3n que va a ocupar, realizar el check-in del hu\u00e9sped, facturar, facturas proforma (recibos), anotar los cobros recibidos de cada reserva&#8230;<\/p>","protected":false},"excerpt":{"rendered":"<p>Software de gesti\u00f3n para hoteles con sistema de reservas integrado Software de gesti\u00f3n en la nube para hoteles que sincroniza los datos con los sistemas de reservas como el motor de reservas en la web y el channel manager. Puede contratar solo el PMS, o a\u00f1adir tambi\u00e9n el motor de reservas web y otros m\u00f3dulos [&hellip;]<\/p>","protected":false},"author":5,"featured_media":0,"parent":0,"menu_order":0,"comment_status":"closed","ping_status":"closed","template":"","meta":{"footnotes":""},"class_list":{"0":"post-159","1":"page","2":"type-page","3":"status-publish","5":"entry","6":"has-post-thumbnail"},"yoast_head":"<!-- This site is optimized with the Yoast SEO plugin v26.7 - https:\/\/yoast.com\/wordpress\/plugins\/seo\/ -->\n<title>Software de gesti\u00f3n hotel con sistema de reservas para web<\/title>\n<meta name=\"description\" content=\"Software de gesti\u00f3n para hoteles iBizi PMS. Software hotel para gestionar desde las reservas, recepci\u00f3n y check-in de hu\u00e9spedes, distribuci\u00f3n de habitaciones, hasta la factura. Sin instalaci\u00f3n y accesible desde m\u00f3vil, tablet y ordenador. Ahorra tiempo, reduce tu trabajo. Sincronizaci\u00f3n de disponibilidad.\" \/>\n<meta name=\"robots\" content=\"index, follow, max-snippet:-1, max-image-preview:large, max-video-preview:-1\" \/>\n<link rel=\"canonical\" href=\"https:\/\/ibizi.net\/en\/\" \/>\n<meta property=\"og:locale\" content=\"en_US\" \/>\n<meta property=\"og:type\" content=\"article\" \/>\n<meta property=\"og:title\" content=\"Software de gesti\u00f3n hotel con sistema de reservas para web\" \/>\n<meta property=\"og:description\" content=\"Software de gesti\u00f3n para hoteles iBizi PMS. Software hotel para gestionar desde las reservas, recepci\u00f3n y check-in de hu\u00e9spedes, distribuci\u00f3n de habitaciones, hasta la factura. Sin instalaci\u00f3n y accesible desde m\u00f3vil, tablet y ordenador. Ahorra tiempo, reduce tu trabajo. Sincronizaci\u00f3n de disponibilidad.\" \/>\n<meta property=\"og:url\" content=\"https:\/\/ibizi.net\/en\/\" \/>\n<meta property=\"og:site_name\" content=\"iBizi programa gesti\u00f3n hotelera\" \/>\n<meta property=\"article:publisher\" content=\"https:\/\/www.facebook.com\/The-Movie-Virtual-1365542403514358\/\" \/>\n<meta property=\"article:modified_time\" content=\"2025-09-22T18:54:01+00:00\" \/>\n<meta property=\"og:image\" content=\"http:\/\/ibizi.net\/wp-content\/uploads\/2016\/12\/cropped-logo-ibizi-gestion-hotel-300x300.png\" \/>\n<meta name=\"twitter:card\" content=\"summary_large_image\" \/>\n<meta name=\"twitter:label1\" content=\"Est. reading time\" \/>\n\t<meta name=\"twitter:data1\" content=\"2 minutes\" \/>\n<script type=\"application\/ld+json\" class=\"yoast-schema-graph\">{\"@context\":\"https:\/\/schema.org\",\"@graph\":[{\"@type\":\"WebPage\",\"@id\":\"https:\/\/ibizi.net\/\",\"url\":\"https:\/\/ibizi.net\/\",\"name\":\"Software de gesti\u00f3n hotel con sistema de reservas para web\",\"isPartOf\":{\"@id\":\"https:\/\/ibizi.net\/#website\"},\"primaryImageOfPage\":{\"@id\":\"https:\/\/ibizi.net\/#primaryimage\"},\"image\":{\"@id\":\"https:\/\/ibizi.net\/#primaryimage\"},\"thumbnailUrl\":\"http:\/\/ibizi.net\/wp-content\/uploads\/2016\/12\/cropped-logo-ibizi-gestion-hotel-300x300.png\",\"datePublished\":\"2025-09-14T20:36:00+00:00\",\"dateModified\":\"2025-09-22T18:54:01+00:00\",\"description\":\"Software de gesti\u00f3n para hoteles iBizi PMS. Software hotel para gestionar desde las reservas, recepci\u00f3n y check-in de hu\u00e9spedes, distribuci\u00f3n de habitaciones, hasta la factura. Sin instalaci\u00f3n y accesible desde m\u00f3vil, tablet y ordenador. Ahorra tiempo, reduce tu trabajo. Sincronizaci\u00f3n de disponibilidad.\",\"breadcrumb\":{\"@id\":\"https:\/\/ibizi.net\/#breadcrumb\"},\"inLanguage\":\"en-US\",\"potentialAction\":[{\"@type\":\"ReadAction\",\"target\":[\"https:\/\/ibizi.net\/\"]}]},{\"@type\":\"ImageObject\",\"inLanguage\":\"en-US\",\"@id\":\"https:\/\/ibizi.net\/#primaryimage\",\"url\":\"http:\/\/ibizi.net\/wp-content\/uploads\/2016\/12\/cropped-logo-ibizi-gestion-hotel-300x300.png\",\"contentUrl\":\"http:\/\/ibizi.net\/wp-content\/uploads\/2016\/12\/cropped-logo-ibizi-gestion-hotel-300x300.png\"},{\"@type\":\"BreadcrumbList\",\"@id\":\"https:\/\/ibizi.net\/#breadcrumb\",\"itemListElement\":[{\"@type\":\"ListItem\",\"position\":1,\"name\":\"Programa hotel iBizi\",\"item\":\"https:\/\/ibizi.net\/\"},{\"@type\":\"ListItem\",\"position\":2,\"name\":\"Software de gesti\u00f3n para hoteles online con sistema de reservas integrado\"}]},{\"@type\":\"WebSite\",\"@id\":\"https:\/\/ibizi.net\/#website\",\"url\":\"https:\/\/ibizi.net\/\",\"name\":\"iBizi programa gesti\u00f3n hotelera\",\"description\":\"Software de gesti\u00f3n y reservas para hoteles y casas rurales\",\"publisher\":{\"@id\":\"https:\/\/ibizi.net\/#organization\"},\"potentialAction\":[{\"@type\":\"SearchAction\",\"target\":{\"@type\":\"EntryPoint\",\"urlTemplate\":\"https:\/\/ibizi.net\/?s={search_term_string}\"},\"query-input\":{\"@type\":\"PropertyValueSpecification\",\"valueRequired\":true,\"valueName\":\"search_term_string\"}}],\"inLanguage\":\"en-US\"},{\"@type\":\"Organization\",\"@id\":\"https:\/\/ibizi.net\/#organization\",\"name\":\"The Movie Virtual\",\"url\":\"https:\/\/ibizi.net\/\",\"logo\":{\"@type\":\"ImageObject\",\"inLanguage\":\"en-US\",\"@id\":\"https:\/\/ibizi.net\/#\/schema\/logo\/image\/\",\"url\":\"http:\/\/ibizi.net\/wp-content\/uploads\/2017\/08\/cropped-Ibizi-Gestio\u0301n-Hotelera-144x144.png\",\"contentUrl\":\"http:\/\/ibizi.net\/wp-content\/uploads\/2017\/08\/cropped-Ibizi-Gestio\u0301n-Hotelera-144x144.png\",\"width\":300,\"height\":187,\"caption\":\"The Movie Virtual\"},\"image\":{\"@id\":\"https:\/\/ibizi.net\/#\/schema\/logo\/image\/\"},\"sameAs\":[\"https:\/\/www.facebook.com\/The-Movie-Virtual-1365542403514358\/\"]}]}<\/script>\n<!-- \/ Yoast SEO plugin. -->","yoast_head_json":{"title":"Software de gesti\u00f3n hotel con sistema de reservas para web","description":"Software de gesti\u00f3n para hoteles iBizi PMS. Software hotel para gestionar desde las reservas, recepci\u00f3n y check-in de hu\u00e9spedes, distribuci\u00f3n de habitaciones, hasta la factura. Sin instalaci\u00f3n y accesible desde m\u00f3vil, tablet y ordenador. Ahorra tiempo, reduce tu trabajo. Sincronizaci\u00f3n de disponibilidad.","robots":{"index":"index","follow":"follow","max-snippet":"max-snippet:-1","max-image-preview":"max-image-preview:large","max-video-preview":"max-video-preview:-1"},"canonical":"https:\/\/ibizi.net\/en\/","og_locale":"en_US","og_type":"article","og_title":"Software de gesti\u00f3n hotel con sistema de reservas para web","og_description":"Software de gesti\u00f3n para hoteles iBizi PMS. Software hotel para gestionar desde las reservas, recepci\u00f3n y check-in de hu\u00e9spedes, distribuci\u00f3n de habitaciones, hasta la factura. Sin instalaci\u00f3n y accesible desde m\u00f3vil, tablet y ordenador. Ahorra tiempo, reduce tu trabajo. Sincronizaci\u00f3n de disponibilidad.","og_url":"https:\/\/ibizi.net\/en\/","og_site_name":"iBizi programa gesti\u00f3n hotelera","article_publisher":"https:\/\/www.facebook.com\/The-Movie-Virtual-1365542403514358\/","article_modified_time":"2025-09-22T18:54:01+00:00","og_image":[{"url":"http:\/\/ibizi.net\/wp-content\/uploads\/2016\/12\/cropped-logo-ibizi-gestion-hotel-300x300.png","type":"","width":"","height":""}],"twitter_card":"summary_large_image","twitter_misc":{"Est. reading time":"2 minutes"},"schema":{"@context":"https:\/\/schema.org","@graph":[{"@type":"WebPage","@id":"https:\/\/ibizi.net\/","url":"https:\/\/ibizi.net\/","name":"Software de gesti\u00f3n hotel con sistema de reservas para web","isPartOf":{"@id":"https:\/\/ibizi.net\/#website"},"primaryImageOfPage":{"@id":"https:\/\/ibizi.net\/#primaryimage"},"image":{"@id":"https:\/\/ibizi.net\/#primaryimage"},"thumbnailUrl":"http:\/\/ibizi.net\/wp-content\/uploads\/2016\/12\/cropped-logo-ibizi-gestion-hotel-300x300.png","datePublished":"2025-09-14T20:36:00+00:00","dateModified":"2025-09-22T18:54:01+00:00","description":"Software de gesti\u00f3n para hoteles iBizi PMS. Software hotel para gestionar desde las reservas, recepci\u00f3n y check-in de hu\u00e9spedes, distribuci\u00f3n de habitaciones, hasta la factura. Sin instalaci\u00f3n y accesible desde m\u00f3vil, tablet y ordenador. Ahorra tiempo, reduce tu trabajo. Sincronizaci\u00f3n de disponibilidad.","breadcrumb":{"@id":"https:\/\/ibizi.net\/#breadcrumb"},"inLanguage":"en-US","potentialAction":[{"@type":"ReadAction","target":["https:\/\/ibizi.net\/"]}]},{"@type":"ImageObject","inLanguage":"en-US","@id":"https:\/\/ibizi.net\/#primaryimage","url":"http:\/\/ibizi.net\/wp-content\/uploads\/2016\/12\/cropped-logo-ibizi-gestion-hotel-300x300.png","contentUrl":"http:\/\/ibizi.net\/wp-content\/uploads\/2016\/12\/cropped-logo-ibizi-gestion-hotel-300x300.png"},{"@type":"BreadcrumbList","@id":"https:\/\/ibizi.net\/#breadcrumb","itemListElement":[{"@type":"ListItem","position":1,"name":"Programa hotel iBizi","item":"https:\/\/ibizi.net\/"},{"@type":"ListItem","position":2,"name":"Software de gesti\u00f3n para hoteles online con sistema de reservas integrado"}]},{"@type":"WebSite","@id":"https:\/\/ibizi.net\/#website","url":"https:\/\/ibizi.net\/","name":"iBizi programa gesti\u00f3n hotelera","description":"Software de gesti\u00f3n y reservas para hoteles y casas rurales","publisher":{"@id":"https:\/\/ibizi.net\/#organization"},"potentialAction":[{"@type":"SearchAction","target":{"@type":"EntryPoint","urlTemplate":"https:\/\/ibizi.net\/?s={search_term_string}"},"query-input":{"@type":"PropertyValueSpecification","valueRequired":true,"valueName":"search_term_string"}}],"inLanguage":"en-US"},{"@type":"Organization","@id":"https:\/\/ibizi.net\/#organization","name":"The Movie Virtual","url":"https:\/\/ibizi.net\/","logo":{"@type":"ImageObject","inLanguage":"en-US","@id":"https:\/\/ibizi.net\/#\/schema\/logo\/image\/","url":"http:\/\/ibizi.net\/wp-content\/uploads\/2017\/08\/cropped-Ibizi-Gestio\u0301n-Hotelera-144x144.png","contentUrl":"http:\/\/ibizi.net\/wp-content\/uploads\/2017\/08\/cropped-Ibizi-Gestio\u0301n-Hotelera-144x144.png","width":300,"height":187,"caption":"The Movie Virtual"},"image":{"@id":"https:\/\/ibizi.net\/#\/schema\/logo\/image\/"},"sameAs":["https:\/\/www.facebook.com\/The-Movie-Virtual-1365542403514358\/"]}]}},"_links":{"self":[{"href":"https:\/\/ibizi.net\/en\/wp-json\/wp\/v2\/pages\/159","targetHints":{"allow":["GET"]}}],"collection":[{"href":"https:\/\/ibizi.net\/en\/wp-json\/wp\/v2\/pages"}],"about":[{"href":"https:\/\/ibizi.net\/en\/wp-json\/wp\/v2\/types\/page"}],"author":[{"embeddable":true,"href":"https:\/\/ibizi.net\/en\/wp-json\/wp\/v2\/users\/5"}],"replies":[{"embeddable":true,"href":"https:\/\/ibizi.net\/en\/wp-json\/wp\/v2\/comments?post=159"}],"version-history":[{"count":1,"href":"https:\/\/ibizi.net\/en\/wp-json\/wp\/v2\/pages\/159\/revisions"}],"predecessor-version":[{"id":6915,"href":"https:\/\/ibizi.net\/en\/wp-json\/wp\/v2\/pages\/159\/revisions\/6915"}],"wp:attachment":[{"href":"https:\/\/ibizi.net\/en\/wp-json\/wp\/v2\/media?parent=159"}],"curies":[{"name":"wp","href":"https:\/\/api.w.org\/{rel}","templated":true}]}}